{"id":53,"date":"2020-09-14T17:24:20","date_gmt":"2020-09-14T15:24:20","guid":{"rendered":"http:\/\/lesanimommes.com\/?page_id=53"},"modified":"2020-12-08T21:23:29","modified_gmt":"2020-12-08T20:23:29","slug":"lauteur","status":"publish","type":"page","link":"https:\/\/lesanimommes.com\/index.php\/lauteur\/","title":{"rendered":"L&rsquo;auteur"},"content":{"rendered":"\n<figure class=\"wp-block-image is-resized\"><img decoding=\"async\" loading=\"lazy\" src=\"http:\/\/lesanimommes.com\/wp-content\/uploads\/2020\/09\/MNR.png\" alt=\"\" class=\"wp-image-54\" width=\"109\" height=\"122\" srcset=\"https:\/\/lesanimommes.com\/wp-content\/uploads\/2020\/09\/MNR.png 276w, https:\/\/lesanimommes.com\/wp-content\/uploads\/2020\/09\/MNR-269x300.png 269w\" sizes=\"(max-width: 109px) 100vw, 109px\" \/><\/figure>\n\n\n\n<p class=\"has-drop-cap\">Depuis sa plus tendre enfance, Marie-No\u00eblle Rochette invente des histoires et cr\u00e9\u00e9 des personnages. Il lui paraissait donc naturel de se consacrer \u00e0 la r\u00e9daction dans sa vie professionnelle. Apr\u00e8s avoir obtenu son dipl\u00f4me en communication en 2004, elle travaille durant dix ann\u00e9es dans le journalisme en presse \u00e9crite. Depuis plusieurs ann\u00e9es, l\u2019histoire des Animommes lui trotte dans la t\u00eate. <\/p>\n\n\n\n<p><em>Pourquoi avoir \u00e9crit ce\nroman&nbsp;? <\/em><\/p>\n\n\n\n<p>J\u2019ai voulu raconter l\u2019histoire\nque j\u2019avais envie de lire. Quelque chose de beau, o\u00f9 on retrouve les \u00e9l\u00e9ments\nde la nature mais aussi les valeurs de la famille et de l\u2019amiti\u00e9. Cette\nhistoire \u00e9voque un monde imaginaire o\u00f9 \u00e9vader son esprit, avec des \u00eatres mi-animaux,\nmi-hommes, qui nous racontent leur monde, sa cr\u00e9ation, son mode de vie\u2026 Un\nmonde qui va \u00eatre mis en danger et o\u00f9 l\u2019intrigue nous am\u00e8ne \u00e0 un questionnement\nsur l\u2019importance de sauvegarder son environnement.<\/p>\n\n\n\n<p><em>A qui s\u2019adresse-t-il&nbsp;? <\/em><\/p>\n\n\n\n<p>Le roman \u00ab\u00a0Les Animommes\u00a0\u00bb s\u2019adresse d\u2019abord \u00e0 un public jeunesse mais aussi \u00e0 tous les adultes r\u00eaveurs qui ont gard\u00e9 un petit bout d\u2019enfance en eux\u2026<\/p>\n\n\n\n<p><em>Et pour la suite&nbsp;? <\/em><\/p>\n\n\n\n<p>Cette premi\u00e8re histoire est aussi\nune mani\u00e8re de planter le d\u00e9cor de futures aventures, avec des intrigues encore\nplus intenses\u2026<\/p>\n","protected":false},"excerpt":{"rendered":"<p>Depuis sa plus tendre enfance, Marie-No\u00eblle Rochette invente des histoires et cr\u00e9\u00e9 des personnages. Il lui paraissait donc naturel de se consacrer \u00e0 la r\u00e9daction dans sa vie professionnelle. Apr\u00e8s avoir obtenu son dipl\u00f4me en communication en 2004, elle travaille durant dix ann\u00e9es dans le journalisme en presse \u00e9crite. Depuis plusieurs ann\u00e9es, l\u2019histoire des Animommes [&hellip;]<\/p>\n","protected":false},"author":1,"featured_media":0,"parent":0,"menu_order":0,"comment_status":"closed","ping_status":"closed","template":"","meta":[],"_links":{"self":[{"href":"https:\/\/lesanimommes.com\/index.php\/wp-json\/wp\/v2\/pages\/53"}],"collection":[{"href":"https:\/\/lesanimommes.com\/index.php\/wp-json\/wp\/v2\/pages"}],"about":[{"href":"https:\/\/lesanimommes.com\/index.php\/wp-json\/wp\/v2\/types\/page"}],"author":[{"embeddable":true,"href":"https:\/\/lesanimommes.com\/index.php\/wp-json\/wp\/v2\/users\/1"}],"replies":[{"embeddable":true,"href":"https:\/\/lesanimommes.com\/index.php\/wp-json\/wp\/v2\/comments?post=53"}],"version-history":[{"count":8,"href":"https:\/\/lesanimommes.com\/index.php\/wp-json\/wp\/v2\/pages\/53\/revisions"}],"predecessor-version":[{"id":151,"href":"https:\/\/lesanimommes.com\/index.php\/wp-json\/wp\/v2\/pages\/53\/revisions\/151"}],"wp:attachment":[{"href":"https:\/\/lesanimommes.com\/index.php\/wp-json\/wp\/v2\/media?parent=53"}],"curies":[{"name":"wp","href":"https:\/\/api.w.org\/{rel}","templated":true}]}}